{"id":34,"date":"2026-03-20T08:48:43","date_gmt":"2026-03-20T06:48:43","guid":{"rendered":"https:\/\/tuomaanniemi.fi\/?page_id=34"},"modified":"2026-03-25T11:03:02","modified_gmt":"2026-03-25T09:03:02","slug":"tuomaanniemi-2","status":"publish","type":"page","link":"https:\/\/tuomaanniemi.fi\/index.php\/tuomaanniemi-2\/","title":{"rendered":"Tuomaanniemi"},"content":{"rendered":"\n<div class=\"wp-block-cover alignfull\" style=\"min-height:495px;aspect-ratio:unset;\"><img loading=\"lazy\" decoding=\"async\" width=\"1024\" height=\"478\" class=\"wp-block-cover__image-background wp-image-74 size-large\" alt=\"\" src=\"https:\/\/tuomaanniemi.fi\/wp-content\/uploads\/2026\/03\/6013-1024x478.jpg\" data-object-fit=\"cover\" srcset=\"https:\/\/tuomaanniemi.fi\/wp-content\/uploads\/2026\/03\/6013-1024x478.jpg 1024w, https:\/\/tuomaanniemi.fi\/wp-content\/uploads\/2026\/03\/6013-300x140.jpg 300w, https:\/\/tuomaanniemi.fi\/wp-content\/uploads\/2026\/03\/6013-768x358.jpg 768w, https:\/\/tuomaanniemi.fi\/wp-content\/uploads\/2026\/03\/6013.jpg 1500w\" sizes=\"auto, (max-width: 1024px) 100vw, 1024px\" \/><span aria-hidden=\"true\" class=\"wp-block-cover__background has-ast-global-color-2-background-color has-background-dim-80 has-background-dim\"><\/span><div class=\"wp-block-cover__inner-container is-layout-constrained wp-block-cover-is-layout-constrained\">\n<figure class=\"wp-block-image aligncenter size-full is-resized\"><img loading=\"lazy\" decoding=\"async\" width=\"1623\" height=\"1398\" src=\"https:\/\/tuomaanniemi.fi\/wp-content\/uploads\/2026\/03\/Tuomaanniemi_Symboli_valkoinen.png\" alt=\"\" class=\"wp-image-37\" style=\"width:300px\" srcset=\"https:\/\/tuomaanniemi.fi\/wp-content\/uploads\/2026\/03\/Tuomaanniemi_Symboli_valkoinen.png 1623w, https:\/\/tuomaanniemi.fi\/wp-content\/uploads\/2026\/03\/Tuomaanniemi_Symboli_valkoinen-300x258.png 300w, https:\/\/tuomaanniemi.fi\/wp-content\/uploads\/2026\/03\/Tuomaanniemi_Symboli_valkoinen-1024x882.png 1024w, https:\/\/tuomaanniemi.fi\/wp-content\/uploads\/2026\/03\/Tuomaanniemi_Symboli_valkoinen-768x662.png 768w, https:\/\/tuomaanniemi.fi\/wp-content\/uploads\/2026\/03\/Tuomaanniemi_Symboli_valkoinen-1536x1323.png 1536w\" sizes=\"auto, (max-width: 1623px) 100vw, 1623px\" \/><\/figure>\n<\/div><\/div>\n\n\n\n<div style=\"height:38px\" aria-hidden=\"true\" class=\"wp-block-spacer\"><\/div>\n\n\n\n<h2 class=\"wp-block-heading has-text-align-center\">rauhaa, tilaa ja viimeistelty\u00e4 laatua<br>Lapin ainutlaatuisessa rauhassa<\/h2>\n\n\n\n<div style=\"height:38px\" aria-hidden=\"true\" class=\"wp-block-spacer\"><\/div>\n\n\n\n<p>Huoneistot on suunniteltu vaativaan makuun. Jopa kuuden metrin huonekorkeus luo avaruutta ja arvokkuutta, kun suuret ikkunapinnat tuovat luonnon osaksi sis\u00e4tiloja. Yhden rakennuksen kokonaispinta-ala on 321 m\u00b2, ja jokainen paritalon puolikas tarjoaa tilaa jopa kahdeksalle majoittujalle. Koko kohteen kapasiteetti on jopa 32 henkil\u00f6\u00e4, mik\u00e4 tekee siit\u00e4 ihanteellisen my\u00f6s edustusk\u00e4ytt\u00f6\u00f6n tai laadukkaaseen vapaa-ajan asumiseen.<\/p>\n\n\n\n<p>Kaikessa on panostettu laatuun: materiaalit, kalusteet, varustelu ja sisustus on valittu huolella, esteettisyytt\u00e4 ja kest\u00e4vyytt\u00e4 arvostaen. Jokainen yksityiskohta tukee kokonaisuutta, joka huokuu hillitty\u00e4 luksusta ja pohjoista eleganssia.<\/p>\n\n\n\n<div style=\"height:38px\" aria-hidden=\"true\" class=\"wp-block-spacer\"><\/div>\n\n\n\n<figure class=\"wp-block-image aligncenter size-large is-resized has-custom-border\"><img loading=\"lazy\" decoding=\"async\" width=\"1024\" height=\"683\" src=\"https:\/\/tuomaanniemi.fi\/wp-content\/uploads\/2026\/03\/110106-1024x683.jpg\" alt=\"\" class=\"wp-image-83\" style=\"border-top-left-radius:31px;border-top-right-radius:31px;border-bottom-left-radius:31px;border-bottom-right-radius:31px;width:500px\" srcset=\"https:\/\/tuomaanniemi.fi\/wp-content\/uploads\/2026\/03\/110106-1024x683.jpg 1024w, https:\/\/tuomaanniemi.fi\/wp-content\/uploads\/2026\/03\/110106-300x200.jpg 300w, https:\/\/tuomaanniemi.fi\/wp-content\/uploads\/2026\/03\/110106-768x512.jpg 768w, https:\/\/tuomaanniemi.fi\/wp-content\/uploads\/2026\/03\/110106.jpg 1500w\" sizes=\"auto, (max-width: 1024px) 100vw, 1024px\" \/><\/figure>\n\n\n\n<div style=\"height:58px\" aria-hidden=\"true\" class=\"wp-block-spacer\"><\/div>\n\n\n\n<h4 class=\"wp-block-heading has-text-align-center\">Tuomaanniemi on el\u00e4mys, jossa Lapin ainutlaatuinen tunnelma<br>kohtaa korkean asumismukavuuden.<br>Kysy lis\u00e4\u00e4 tai tee ennakkovaraus kaudelle 2027-2028!<\/h4>\n\n\n\n<div class=\"wp-block-buttons is-content-justification-center is-layout-flex wp-container-core-buttons-is-layout-a89b3969 wp-block-buttons-is-layout-flex\">\n<div class=\"wp-block-button\"><a class=\"wp-block-button__link wp-element-button\">Ota yhteytt\u00e4 ja kysy lis\u00e4\u00e4 jo nyt!<\/a><\/div>\n<\/div>\n\n\n\n<div style=\"height:58px\" aria-hidden=\"true\" class=\"wp-block-spacer\"><\/div>\n","protected":false},"excerpt":{"rendered":"<p>rauhaa, tilaa ja viimeistelty\u00e4 laatuaLapin ainutlaatuisessa rauhassa Huoneistot on suunniteltu vaativaan makuun. Jopa kuuden metrin huonekorkeus luo avaruutta ja arvokkuutta, [&hellip;]<\/p>\n","protected":false},"author":1,"featured_media":0,"parent":0,"menu_order":0,"comment_status":"closed","ping_status":"closed","template":"","meta":{"_uag_custom_page_level_css":"","site-sidebar-layout":"default","site-content-layout":"","ast-site-content-layout":"default","site-content-style":"default","site-sidebar-style":"default","ast-global-header-display":"","ast-banner-title-visibility":"","ast-main-header-display":"","ast-hfb-above-header-display":"","ast-hfb-below-header-display":"","ast-hfb-mobile-header-display":"","site-post-title":"disabled","ast-breadcrumbs-content":"","ast-featured-img":"","footer-sml-layout":"","ast-disable-related-posts":"","theme-transparent-header-meta":"","adv-header-id-meta":"","stick-header-meta":"","header-above-stick-meta":"","header-main-stick-meta":"","header-below-stick-meta":"","astra-migrate-meta-layouts":"default","ast-page-background-enabled":"default","ast-page-background-meta":{"desktop":{"background-color":"var(--ast-global-color-5)","background-image":"","background-repeat":"repeat","background-position":"center center","background-size":"auto","background-attachment":"scroll","background-type":"","background-media":"","overlay-type":"","overlay-color":"","overlay-opacity":"","overlay-gradient":""},"tablet":{"background-color":"","background-image":"","background-repeat":"repeat","background-position":"center center","background-size":"auto","background-attachment":"scroll","background-type":"","background-media":"","overlay-type":"","overlay-color":"","overlay-opacity":"","overlay-gradient":""},"mobile":{"background-color":"","background-image":"","background-repeat":"repeat","background-position":"center center","background-size":"auto","background-attachment":"scroll","background-type":"","background-media":"","overlay-type":"","overlay-color":"","overlay-opacity":"","overlay-gradient":""}},"ast-content-background-meta":{"desktop":{"background-color":"var(--ast-global-color-4)","background-image":"","background-repeat":"repeat","background-position":"center center","background-size":"auto","background-attachment":"scroll","background-type":"","background-media":"","overlay-type":"","overlay-color":"","overlay-opacity":"","overlay-gradient":""},"tablet":{"background-color":"var(--ast-global-color-4)","background-image":"","background-repeat":"repeat","background-position":"center center","background-size":"auto","background-attachment":"scroll","background-type":"","background-media":"","overlay-type":"","overlay-color":"","overlay-opacity":"","overlay-gradient":""},"mobile":{"background-color":"var(--ast-global-color-4)","background-image":"","background-repeat":"repeat","background-position":"center center","background-size":"auto","background-attachment":"scroll","background-type":"","background-media":"","overlay-type":"","overlay-color":"","overlay-opacity":"","overlay-gradient":""}},"footnotes":""},"class_list":["post-34","page","type-page","status-publish","hentry"],"uagb_featured_image_src":{"full":false,"thumbnail":false,"medium":false,"medium_large":false,"large":false,"1536x1536":false,"2048x2048":false},"uagb_author_info":{"display_name":"tuomaan","author_link":"https:\/\/tuomaanniemi.fi\/index.php\/author\/tuomaan\/"},"uagb_comment_info":0,"uagb_excerpt":"rauhaa, tilaa ja viimeistelty\u00e4 laatuaLapin ainutlaatuisessa rauhassa Huoneistot on suunniteltu vaativaan makuun. Jopa kuuden metrin huonekorkeus luo avaruutta ja arvokkuutta, [&hellip;]","_links":{"self":[{"href":"https:\/\/tuomaanniemi.fi\/index.php\/wp-json\/wp\/v2\/pages\/34","targetHints":{"allow":["GET"]}}],"collection":[{"href":"https:\/\/tuomaanniemi.fi\/index.php\/wp-json\/wp\/v2\/pages"}],"about":[{"href":"https:\/\/tuomaanniemi.fi\/index.php\/wp-json\/wp\/v2\/types\/page"}],"author":[{"embeddable":true,"href":"https:\/\/tuomaanniemi.fi\/index.php\/wp-json\/wp\/v2\/users\/1"}],"replies":[{"embeddable":true,"href":"https:\/\/tuomaanniemi.fi\/index.php\/wp-json\/wp\/v2\/comments?post=34"}],"version-history":[{"count":8,"href":"https:\/\/tuomaanniemi.fi\/index.php\/wp-json\/wp\/v2\/pages\/34\/revisions"}],"predecessor-version":[{"id":111,"href":"https:\/\/tuomaanniemi.fi\/index.php\/wp-json\/wp\/v2\/pages\/34\/revisions\/111"}],"wp:attachment":[{"href":"https:\/\/tuomaanniemi.fi\/index.php\/wp-json\/wp\/v2\/media?parent=34"}],"curies":[{"name":"wp","href":"https:\/\/api.w.org\/{rel}","templated":true}]}}