{"id":10,"date":"2026-03-19T14:23:44","date_gmt":"2026-03-19T12:23:44","guid":{"rendered":"https:\/\/tuomaanniemi.fi\/?page_id=10"},"modified":"2026-03-25T11:14:49","modified_gmt":"2026-03-25T09:14:49","slug":"tuomaanniemi","status":"publish","type":"page","link":"https:\/\/tuomaanniemi.fi\/","title":{"rendered":"Etusivu"},"content":{"rendered":"\n<div class=\"wp-block-cover alignfull\" style=\"min-height:495px;aspect-ratio:unset;\"><img loading=\"lazy\" decoding=\"async\" width=\"1024\" height=\"630\" class=\"wp-block-cover__image-background wp-image-13 size-large\" alt=\"\" src=\"https:\/\/tuomaanniemi.fi\/wp-content\/uploads\/2026\/03\/14150-1024x630.jpg\" style=\"object-position:49% 10%\" data-object-fit=\"cover\" data-object-position=\"49% 10%\" srcset=\"https:\/\/tuomaanniemi.fi\/wp-content\/uploads\/2026\/03\/14150-1024x630.jpg 1024w, https:\/\/tuomaanniemi.fi\/wp-content\/uploads\/2026\/03\/14150-300x185.jpg 300w, https:\/\/tuomaanniemi.fi\/wp-content\/uploads\/2026\/03\/14150-768x473.jpg 768w, https:\/\/tuomaanniemi.fi\/wp-content\/uploads\/2026\/03\/14150.jpg 1500w\" sizes=\"auto, (max-width: 1024px) 100vw, 1024px\" \/><span aria-hidden=\"true\" class=\"wp-block-cover__background has-ast-global-color-2-background-color has-background-dim-80 has-background-dim\"><\/span><div class=\"wp-block-cover__inner-container is-layout-constrained wp-block-cover-is-layout-constrained\">\n<figure class=\"wp-block-image aligncenter size-full is-resized\"><img loading=\"lazy\" decoding=\"async\" width=\"2476\" height=\"1164\" src=\"https:\/\/tuomaanniemi.fi\/wp-content\/uploads\/2026\/03\/Tuomaanniemi_Vaaka_Koordinaatit_Valkoinen.png\" alt=\"\" class=\"wp-image-14\" style=\"width:700px\" srcset=\"https:\/\/tuomaanniemi.fi\/wp-content\/uploads\/2026\/03\/Tuomaanniemi_Vaaka_Koordinaatit_Valkoinen.png 2476w, https:\/\/tuomaanniemi.fi\/wp-content\/uploads\/2026\/03\/Tuomaanniemi_Vaaka_Koordinaatit_Valkoinen-300x141.png 300w, https:\/\/tuomaanniemi.fi\/wp-content\/uploads\/2026\/03\/Tuomaanniemi_Vaaka_Koordinaatit_Valkoinen-1024x481.png 1024w, https:\/\/tuomaanniemi.fi\/wp-content\/uploads\/2026\/03\/Tuomaanniemi_Vaaka_Koordinaatit_Valkoinen-768x361.png 768w, https:\/\/tuomaanniemi.fi\/wp-content\/uploads\/2026\/03\/Tuomaanniemi_Vaaka_Koordinaatit_Valkoinen-1536x722.png 1536w, https:\/\/tuomaanniemi.fi\/wp-content\/uploads\/2026\/03\/Tuomaanniemi_Vaaka_Koordinaatit_Valkoinen-2048x963.png 2048w\" sizes=\"auto, (max-width: 2476px) 100vw, 2476px\" \/><\/figure>\n<\/div><\/div>\n\n\n\n<div style=\"height:38px\" aria-hidden=\"true\" class=\"wp-block-spacer\"><\/div>\n\n\n\n<h2 class=\"wp-block-heading has-text-align-center\">TUOMAANNIEMI &#8211; Ylellist\u00e4 rauhaa lapin syd\u00e4mess\u00e4.<\/h2>\n\n\n\n<div style=\"height:38px\" aria-hidden=\"true\" class=\"wp-block-spacer\"><\/div>\n\n\n\n<figure class=\"wp-block-image aligncenter size-full has-custom-border\"><img loading=\"lazy\" decoding=\"async\" width=\"640\" height=\"360\" src=\"https:\/\/tuomaanniemi.fi\/wp-content\/uploads\/2026\/03\/Image4_005-kopio.png\" alt=\"\" class=\"wp-image-99\" style=\"border-top-left-radius:24px;border-top-right-radius:24px;border-bottom-left-radius:24px;border-bottom-right-radius:24px\" srcset=\"https:\/\/tuomaanniemi.fi\/wp-content\/uploads\/2026\/03\/Image4_005-kopio.png 640w, https:\/\/tuomaanniemi.fi\/wp-content\/uploads\/2026\/03\/Image4_005-kopio-300x169.png 300w\" sizes=\"auto, (max-width: 640px) 100vw, 640px\" \/><\/figure>\n\n\n\n<div style=\"height:38px\" aria-hidden=\"true\" class=\"wp-block-spacer\"><\/div>\n\n\n\n<p>Tuomaanniemi on ainutlaatuinen vuokram\u00f6kkikokonaisuus, jossa yhdistyv\u00e4t pohjoisen luonnon rauha, tinkim\u00e4t\u00f6n laatu ja harkittu arkkitehtuuri. Tuomaanniemi koostuu kolmesta korkeatasoisesta hirsiparitalosta, jotka rakentuvat Kittil\u00e4n upeisiin maisemiin \u2013 rauhalliselle niemenk\u00e4rjelle, keskelle Lapin puhdasta ja koskematonta luontoa.<\/p>\n\n\n\n<p>Yli nelj\u00e4n hehtaarin tontti tarjoaa poikkeuksellista yksityisyytt\u00e4 ja tilaa hengitt\u00e4\u00e4. Sijainti niemen k\u00e4rjess\u00e4 tuo ymp\u00e4rille rauhan ja luonnon l\u00e4heisyyden, mutta silti kaikki palvelut ovat l\u00e4hell\u00e4 \u2013 Sirkan keskusta on vain noin kahden kilometrin p\u00e4\u00e4ss\u00e4.<\/p>\n\n\n\n<div class=\"wp-block-buttons is-content-justification-center is-layout-flex wp-container-core-buttons-is-layout-a89b3969 wp-block-buttons-is-layout-flex\">\n<div class=\"wp-block-button\"><a class=\"wp-block-button__link wp-element-button\" href=\"https:\/\/tuomaanniemi.fi\/index.php\/tuomaanniemi-2\/\">Lue lis\u00e4\u00e4!<\/a><\/div>\n<\/div>\n\n\n\n<h4 class=\"wp-block-heading has-text-align-center\">Rakentaminen alkaa kes\u00e4ll\u00e4 2026.<br>Tuomaanniemi valmistuu lokakuussa 2027<br>sopivasti talvikauden 2027\u20132028 alkuun.<\/h4>\n\n\n\n<div style=\"height:38px\" aria-hidden=\"true\" class=\"wp-block-spacer\"><\/div>\n","protected":false},"excerpt":{"rendered":"<p>TUOMAANNIEMI &#8211; Ylellist\u00e4 rauhaa lapin syd\u00e4mess\u00e4. Tuomaanniemi on ainutlaatuinen vuokram\u00f6kkikokonaisuus, jossa yhdistyv\u00e4t pohjoisen luonnon rauha, tinkim\u00e4t\u00f6n laatu ja harkittu arkkitehtuuri. [&hellip;]<\/p>\n","protected":false},"author":1,"featured_media":0,"parent":0,"menu_order":0,"comment_status":"closed","ping_status":"closed","template":"","meta":{"_uag_custom_page_level_css":"","site-sidebar-layout":"default","site-content-layout":"","ast-site-content-layout":"default","site-content-style":"default","site-sidebar-style":"default","ast-global-header-display":"","ast-banner-title-visibility":"","ast-main-header-display":"","ast-hfb-above-header-display":"","ast-hfb-below-header-display":"","ast-hfb-mobile-header-display":"","site-post-title":"disabled","ast-breadcrumbs-content":"","ast-featured-img":"","footer-sml-layout":"","ast-disable-related-posts":"","theme-transparent-header-meta":"","adv-header-id-meta":"","stick-header-meta":"","header-above-stick-meta":"","header-main-stick-meta":"","header-below-stick-meta":"","astra-migrate-meta-layouts":"default","ast-page-background-enabled":"default","ast-page-background-meta":{"desktop":{"background-color":"var(--ast-global-color-5)","background-image":"","background-repeat":"repeat","background-position":"center center","background-size":"auto","background-attachment":"scroll","background-type":"","background-media":"","overlay-type":"","overlay-color":"","overlay-opacity":"","overlay-gradient":""},"tablet":{"background-color":"","background-image":"","background-repeat":"repeat","background-position":"center center","background-size":"auto","background-attachment":"scroll","background-type":"","background-media":"","overlay-type":"","overlay-color":"","overlay-opacity":"","overlay-gradient":""},"mobile":{"background-color":"","background-image":"","background-repeat":"repeat","background-position":"center center","background-size":"auto","background-attachment":"scroll","background-type":"","background-media":"","overlay-type":"","overlay-color":"","overlay-opacity":"","overlay-gradient":""}},"ast-content-background-meta":{"desktop":{"background-color":"var(--ast-global-color-4)","background-image":"","background-repeat":"repeat","background-position":"center center","background-size":"auto","background-attachment":"scroll","background-type":"","background-media":"","overlay-type":"","overlay-color":"","overlay-opacity":"","overlay-gradient":""},"tablet":{"background-color":"var(--ast-global-color-4)","background-image":"","background-repeat":"repeat","background-position":"center center","background-size":"auto","background-attachment":"scroll","background-type":"","background-media":"","overlay-type":"","overlay-color":"","overlay-opacity":"","overlay-gradient":""},"mobile":{"background-color":"var(--ast-global-color-4)","background-image":"","background-repeat":"repeat","background-position":"center center","background-size":"auto","background-attachment":"scroll","background-type":"","background-media":"","overlay-type":"","overlay-color":"","overlay-opacity":"","overlay-gradient":""}},"footnotes":""},"class_list":["post-10","page","type-page","status-publish","hentry"],"uagb_featured_image_src":{"full":false,"thumbnail":false,"medium":false,"medium_large":false,"large":false,"1536x1536":false,"2048x2048":false},"uagb_author_info":{"display_name":"tuomaan","author_link":"https:\/\/tuomaanniemi.fi\/index.php\/author\/tuomaan\/"},"uagb_comment_info":0,"uagb_excerpt":"TUOMAANNIEMI &#8211; Ylellist\u00e4 rauhaa lapin syd\u00e4mess\u00e4. Tuomaanniemi on ainutlaatuinen vuokram\u00f6kkikokonaisuus, jossa yhdistyv\u00e4t pohjoisen luonnon rauha, tinkim\u00e4t\u00f6n laatu ja harkittu arkkitehtuuri. [&hellip;]","_links":{"self":[{"href":"https:\/\/tuomaanniemi.fi\/index.php\/wp-json\/wp\/v2\/pages\/10","targetHints":{"allow":["GET"]}}],"collection":[{"href":"https:\/\/tuomaanniemi.fi\/index.php\/wp-json\/wp\/v2\/pages"}],"about":[{"href":"https:\/\/tuomaanniemi.fi\/index.php\/wp-json\/wp\/v2\/types\/page"}],"author":[{"embeddable":true,"href":"https:\/\/tuomaanniemi.fi\/index.php\/wp-json\/wp\/v2\/users\/1"}],"replies":[{"embeddable":true,"href":"https:\/\/tuomaanniemi.fi\/index.php\/wp-json\/wp\/v2\/comments?post=10"}],"version-history":[{"count":10,"href":"https:\/\/tuomaanniemi.fi\/index.php\/wp-json\/wp\/v2\/pages\/10\/revisions"}],"predecessor-version":[{"id":119,"href":"https:\/\/tuomaanniemi.fi\/index.php\/wp-json\/wp\/v2\/pages\/10\/revisions\/119"}],"wp:attachment":[{"href":"https:\/\/tuomaanniemi.fi\/index.php\/wp-json\/wp\/v2\/media?parent=10"}],"curies":[{"name":"wp","href":"https:\/\/api.w.org\/{rel}","templated":true}]}}